{"id":1328,"date":"2020-07-22T16:58:34","date_gmt":"2020-07-22T19:58:34","guid":{"rendered":"http:\/\/idpc.org.br\/usp-idpc\/?page_id=1328"},"modified":"2020-09-02T17:26:51","modified_gmt":"2020-09-02T20:26:51","slug":"regular-students","status":"publish","type":"page","link":"http:\/\/idpc.org.br\/usp-idpc\/regular-students\/","title":{"rendered":"Regular Students"},"content":{"rendered":"\t\t<div data-elementor-type=\"wp-page\" data-elementor-id=\"1328\" class=\"elementor elementor-1328\">\n\t\t\t\t\t\t\t\t\t<section class=\"elementor-section elementor-top-section elementor-element elementor-element-54cd3661 elementor-section-boxed elementor-section-height-default elementor-section-height-default\" data-id=\"54cd3661\" data-element_type=\"section\" data-settings=\"{&quot;background_background&quot;:&quot;classic&quot;}\">\n\t\t\t\t\t\t\t<div class=\"elementor-background-overlay\"><\/div>\n\t\t\t\t\t\t\t<div class=\"elementor-container elementor-column-gap-default\">\n\t\t\t\t\t<div class=\"elementor-column elementor-col-100 elementor-top-column elementor-element elementor-element-352901e2\" data-id=\"352901e2\" data-element_type=\"column\" data-settings=\"{&quot;background_background&quot;:&quot;classic&quot;}\">\n\t\t\t<div class=\"elementor-widget-wrap elementor-element-populated\">\n\t\t\t\t\t\t\t\t<div class=\"elementor-element elementor-element-21c58a8a elementor-widget elementor-widget-heading\" data-id=\"21c58a8a\" data-element_type=\"widget\" data-widget_type=\"heading.default\">\n\t\t\t\t<div class=\"elementor-widget-container\">\n\t\t\t<h1 class=\"elementor-heading-title elementor-size-default\">Student Body<\/h1>\t\t<\/div>\n\t\t\t\t<\/div>\n\t\t\t\t\t<\/div>\n\t\t<\/div>\n\t\t\t\t\t\t\t<\/div>\n\t\t<\/section>\n\t\t\t\t<section class=\"elementor-section elementor-top-section elementor-element elementor-element-4cccba2d elementor-section-content-middle elementor-section-boxed elementor-section-height-default elementor-section-height-default\" data-id=\"4cccba2d\" data-element_type=\"section\">\n\t\t\t\t\t\t<div class=\"elementor-container elementor-column-gap-default\">\n\t\t\t\t\t<div class=\"elementor-column elementor-col-50 elementor-top-column elementor-element elementor-element-196547f5\" data-id=\"196547f5\" data-element_type=\"column\" data-settings=\"{&quot;background_background&quot;:&quot;classic&quot;}\">\n\t\t\t<div class=\"elementor-widget-wrap elementor-element-populated\">\n\t\t\t\t\t\t\t\t<div class=\"elementor-element elementor-element-7f26e2c0 elementor-widget elementor-widget-heading\" data-id=\"7f26e2c0\" data-element_type=\"widget\" data-widget_type=\"heading.default\">\n\t\t\t\t<div class=\"elementor-widget-container\">\n\t\t\t<h1 class=\"elementor-heading-title elementor-size-xxl\">Students <\/h1>\t\t<\/div>\n\t\t\t\t<\/div>\n\t\t\t\t\t<\/div>\n\t\t<\/div>\n\t\t\t\t<div class=\"elementor-column elementor-col-50 elementor-top-column elementor-element elementor-element-624658ef\" data-id=\"624658ef\" data-element_type=\"column\">\n\t\t\t<div class=\"elementor-widget-wrap elementor-element-populated\">\n\t\t\t\t\t\t\t\t<div class=\"elementor-element elementor-element-4ba97220 elementor-widget elementor-widget-text-editor\" data-id=\"4ba97220\" data-element_type=\"widget\" data-widget_type=\"text-editor.default\">\n\t\t\t\t<div class=\"elementor-widget-container\">\n\t\t\t\t\t\t\t<p>Agnaldo P\u00edscopo<br \/>Breno Yuzo Teachibana Nishida<br \/>Carlos Borelli Zeller<br \/>Carlos Gustavo dos Santos Silva<br \/>Carlos Junior Toshiyuki Karigyo<br \/>Diandro Marinho Mota<br \/>Felipe Ara\u00fajo Pimenta<br \/>Get\u00falio da Silva Lubanco Filho<br \/>Guilherme Barreto Gameiro Silva<br \/>Gustavo Nishida<br \/>Hugo Bizetto Zampa<br \/>Idelzuita Leandro Liporace<br \/>Izaias Marques de S\u00e1 Junior<br \/>Jenny Lourdes Rivas de Oliveira<br \/>Jo\u00e3o Henrique Zucco Viesi<br \/>Jonathan Batista Souza<br \/>Jos\u00e9 Nunes de Alencar Neto<br \/>Kleber Rog\u00e9rio Serafim<br \/>Maria Fernanda Silva Jardim<br \/>Rafael Alexandre Meneguz Moreno<br \/>Rafaela Andrade Penalva Freitas<br \/>Renata Rejane Linhares<br \/>Renato de Aguiar Hortegal<br \/>Roberto L\u00e9o da Silva<br \/>Ronaldo Rossi J\u00fanior<br \/>Sandro Pinelli Felicioni<br \/>Thiago Augusto Azevedo Maranh\u00e3o Cardoso<br \/>Thiago Osawa Rodrigues<br \/>Vitor Alves Loures<\/p>\t\t\t\t\t\t<\/div>\n\t\t\t\t<\/div>\n\t\t\t\t\t<\/div>\n\t\t<\/div>\n\t\t\t\t\t\t\t<\/div>\n\t\t<\/section>\n\t\t\t\t\t\t\t<\/div>\n\t\t","protected":false},"excerpt":{"rendered":"<p>Student Body Students Agnaldo P\u00edscopoBreno Yuzo Teachibana NishidaCarlos Borelli ZellerCarlos Gustavo dos Santos SilvaCarlos Junior Toshiyuki KarigyoDiandro Marinho MotaFelipe Ara\u00fajo PimentaGet\u00falio da Silva Lubanco FilhoGuilherme Barreto Gameiro SilvaGustavo NishidaHugo Bizetto ZampaIdelzuita Leandro LiporaceIzaias Marques de S\u00e1 JuniorJenny Lourdes Rivas de OliveiraJo\u00e3o Henrique Zucco ViesiJonathan Batista SouzaJos\u00e9 Nunes de Alencar NetoKleber Rog\u00e9rio SerafimMaria Fernanda Silva JardimRafael &hellip;<\/p>\n<p class=\"read-more\"> <a class=\"\" href=\"http:\/\/idpc.org.br\/usp-idpc\/regular-students\/\"> <span class=\"screen-reader-text\">Regular Students<\/span> Leia mais &raquo;<\/a><\/p>\n","protected":false},"author":1,"featured_media":0,"parent":0,"menu_order":0,"comment_status":"closed","ping_status":"closed","template":"","meta":{"footnotes":""},"_links":{"self":[{"href":"http:\/\/idpc.org.br\/usp-idpc\/wp-json\/wp\/v2\/pages\/1328"}],"collection":[{"href":"http:\/\/idpc.org.br\/usp-idpc\/wp-json\/wp\/v2\/pages"}],"about":[{"href":"http:\/\/idpc.org.br\/usp-idpc\/wp-json\/wp\/v2\/types\/page"}],"author":[{"embeddable":true,"href":"http:\/\/idpc.org.br\/usp-idpc\/wp-json\/wp\/v2\/users\/1"}],"replies":[{"embeddable":true,"href":"http:\/\/idpc.org.br\/usp-idpc\/wp-json\/wp\/v2\/comments?post=1328"}],"version-history":[{"count":4,"href":"http:\/\/idpc.org.br\/usp-idpc\/wp-json\/wp\/v2\/pages\/1328\/revisions"}],"predecessor-version":[{"id":1458,"href":"http:\/\/idpc.org.br\/usp-idpc\/wp-json\/wp\/v2\/pages\/1328\/revisions\/1458"}],"wp:attachment":[{"href":"http:\/\/idpc.org.br\/usp-idpc\/wp-json\/wp\/v2\/media?parent=1328"}],"curies":[{"name":"wp","href":"https:\/\/api.w.org\/{rel}","templated":true}]}}