{"id":74,"date":"2017-07-12T05:54:02","date_gmt":"2017-07-12T05:54:02","guid":{"rendered":"http:\/\/idpc.org.br\/usp-idpc\/projects\/"},"modified":"2020-07-22T15:01:48","modified_gmt":"2020-07-22T18:01:48","slug":"professors","status":"publish","type":"page","link":"http:\/\/idpc.org.br\/usp-idpc\/professors\/","title":{"rendered":"Professors"},"content":{"rendered":"\t\t<div data-elementor-type=\"wp-post\" data-elementor-id=\"74\" class=\"elementor elementor-74\">\n\t\t\t\t\t\t\t\t\t<section class=\"elementor-section elementor-top-section elementor-element elementor-element-dkofhxx elementor-section-boxed elementor-section-height-default elementor-section-height-default\" data-id=\"dkofhxx\" data-element_type=\"section\" data-settings=\"{&quot;background_background&quot;:&quot;classic&quot;}\">\n\t\t\t\t\t\t\t<div class=\"elementor-background-overlay\"><\/div>\n\t\t\t\t\t\t\t<div class=\"elementor-container elementor-column-gap-default\">\n\t\t\t\t\t<div class=\"elementor-column elementor-col-100 elementor-top-column elementor-element elementor-element-dxjsjrg\" data-id=\"dxjsjrg\" data-element_type=\"column\" data-settings=\"{&quot;background_background&quot;:&quot;classic&quot;}\">\n\t\t\t<div class=\"elementor-widget-wrap elementor-element-populated\">\n\t\t\t\t\t\t\t\t<div class=\"elementor-element elementor-element-a2hfyh9 elementor-widget elementor-widget-heading\" data-id=\"a2hfyh9\" data-element_type=\"widget\" data-widget_type=\"heading.default\">\n\t\t\t\t<div class=\"elementor-widget-container\">\n\t\t\t<h1 class=\"elementor-heading-title elementor-size-default\">Professors<\/h1>\t\t<\/div>\n\t\t\t\t<\/div>\n\t\t\t\t\t<\/div>\n\t\t<\/div>\n\t\t\t\t\t\t\t<\/div>\n\t\t<\/section>\n\t\t\t\t<section class=\"elementor-section elementor-top-section elementor-element elementor-element-3mp1cae elementor-section-content-middle elementor-section-boxed elementor-section-height-default elementor-section-height-default\" data-id=\"3mp1cae\" data-element_type=\"section\">\n\t\t\t\t\t\t<div class=\"elementor-container elementor-column-gap-default\">\n\t\t\t\t\t<div class=\"elementor-column elementor-col-50 elementor-top-column elementor-element elementor-element-da8ca91\" data-id=\"da8ca91\" data-element_type=\"column\" data-settings=\"{&quot;background_background&quot;:&quot;classic&quot;}\">\n\t\t\t<div class=\"elementor-widget-wrap elementor-element-populated\">\n\t\t\t\t\t\t\t\t<div class=\"elementor-element elementor-element-73dba7a elementor-widget elementor-widget-heading\" data-id=\"73dba7a\" data-element_type=\"widget\" data-widget_type=\"heading.default\">\n\t\t\t\t<div class=\"elementor-widget-container\">\n\t\t\t<h1 class=\"elementor-heading-title elementor-size-xxl\">Professors<\/h1>\t\t<\/div>\n\t\t\t\t<\/div>\n\t\t\t\t\t<\/div>\n\t\t<\/div>\n\t\t\t\t<div class=\"elementor-column elementor-col-50 elementor-top-column elementor-element elementor-element-53emybi\" data-id=\"53emybi\" data-element_type=\"column\">\n\t\t\t<div class=\"elementor-widget-wrap elementor-element-populated\">\n\t\t\t\t\t\t\t\t<div class=\"elementor-element elementor-element-7fea906 elementor-widget elementor-widget-text-editor\" data-id=\"7fea906\" data-element_type=\"widget\" data-widget_type=\"text-editor.default\">\n\t\t\t\t<div class=\"elementor-widget-container\">\n\t\t\t\t\t\t\t<ol>\n \t<li>Adriana Bertolami Manfredi<\/li>\n \t<li>Alexandre Antonio Cunha Abizaid<\/li>\n \t<li>Alvaro Avezum Junior<\/li>\n \t<li>Amanda Guerra de Moraes Rego Sousa<\/li>\n \t<li>Ari Timerman<\/li>\n \t<li>Aron Jose Pazin de Andrade<\/li>\n \t<li>Caetano Nigro Neto<\/li>\n \t<li>Carlos Augusto Cardoso Pedra<\/li>\n \t<li>Celso Amodeo<\/li>\n \t<li>Dalmo Antonio Ribeiro Moreira<\/li>\n \t<li>Fabio Henrique Rossi<\/li>\n \t<li>Ibraim Masciarelli Francisco Pinto<\/li>\n \t<li>Jorge Eduardo Assef<\/li>\n \t<li>Jos\u00e9 Carlos Pach\u00f3n Mateos<\/li>\n \t<li>Jos\u00e9 de Ribamar Costa Junior<\/li>\n \t<li>Marcelo Chiara Bertolami<\/li>\n \t<li>Mario Hiroyuki Hirata<\/li>\n \t<li>Pedro Silvio Farsky<\/li>\n \t<li>Renato Tambellini Arnoni<\/li>\n \t<li>Ricardo Alves da Costa<\/li>\n \t<li>Tiago Costa Bignoto<\/li>\n<\/ol>\t\t\t\t\t\t<\/div>\n\t\t\t\t<\/div>\n\t\t\t\t\t<\/div>\n\t\t<\/div>\n\t\t\t\t\t\t\t<\/div>\n\t\t<\/section>\n\t\t\t\t<section class=\"elementor-section elementor-top-section elementor-element elementor-element-e08b883 elementor-section-content-middle elementor-section-boxed elementor-section-height-default elementor-section-height-default\" data-id=\"e08b883\" data-element_type=\"section\">\n\t\t\t\t\t\t<div class=\"elementor-container elementor-column-gap-default\">\n\t\t\t\t\t<div class=\"elementor-column elementor-col-50 elementor-top-column elementor-element elementor-element-7aa62c1\" data-id=\"7aa62c1\" data-element_type=\"column\" data-settings=\"{&quot;background_background&quot;:&quot;classic&quot;}\">\n\t\t\t<div class=\"elementor-widget-wrap elementor-element-populated\">\n\t\t\t\t\t\t\t\t<div class=\"elementor-element elementor-element-aad6006 elementor-widget elementor-widget-heading\" data-id=\"aad6006\" data-element_type=\"widget\" data-widget_type=\"heading.default\">\n\t\t\t\t<div class=\"elementor-widget-container\">\n\t\t\t<h2 class=\"elementor-heading-title elementor-size-xl\">Collaborating Teachers<\/h2>\t\t<\/div>\n\t\t\t\t<\/div>\n\t\t\t\t\t<\/div>\n\t\t<\/div>\n\t\t\t\t<div class=\"elementor-column elementor-col-50 elementor-top-column elementor-element elementor-element-7e504d5\" data-id=\"7e504d5\" data-element_type=\"column\">\n\t\t\t<div class=\"elementor-widget-wrap elementor-element-populated\">\n\t\t\t\t\t\t\t\t<div class=\"elementor-element elementor-element-acc0d6f elementor-widget elementor-widget-text-editor\" data-id=\"acc0d6f\" data-element_type=\"widget\" data-widget_type=\"text-editor.default\">\n\t\t\t\t<div class=\"elementor-widget-container\">\n\t\t\t\t\t\t\t<ol>\n<li>Alexandre Pieri<\/li>\n<li>Alice Lemos de Morais<\/li>\n<li>Gustavo Bernardes de Figueiredo Oliveira<\/li>\n<li>Jeison Willian Gomes da Fonseca<\/li>\n<\/ol>\t\t\t\t\t\t<\/div>\n\t\t\t\t<\/div>\n\t\t\t\t\t<\/div>\n\t\t<\/div>\n\t\t\t\t\t\t\t<\/div>\n\t\t<\/section>\n\t\t\t\t\t\t\t<\/div>\n\t\t","protected":false},"excerpt":{"rendered":"<p>Professors Professors Adriana Bertolami Manfredi Alexandre Antonio Cunha Abizaid Alvaro Avezum Junior Amanda Guerra de Moraes Rego Sousa Ari Timerman Aron Jose Pazin de Andrade Caetano Nigro Neto Carlos Augusto Cardoso Pedra Celso Amodeo Dalmo Antonio Ribeiro Moreira Fabio Henrique Rossi Ibraim Masciarelli Francisco Pinto Jorge Eduardo Assef Jos\u00e9 Carlos Pach\u00f3n Mateos Jos\u00e9 de Ribamar &hellip;<\/p>\n<p class=\"read-more\"> <a class=\"\" href=\"http:\/\/idpc.org.br\/usp-idpc\/professors\/\"> <span class=\"screen-reader-text\">Professors<\/span> Leia mais &raquo;<\/a><\/p>\n","protected":false},"author":1,"featured_media":0,"parent":0,"menu_order":0,"comment_status":"closed","ping_status":"closed","template":"","meta":{"footnotes":""},"_links":{"self":[{"href":"http:\/\/idpc.org.br\/usp-idpc\/wp-json\/wp\/v2\/pages\/74"}],"collection":[{"href":"http:\/\/idpc.org.br\/usp-idpc\/wp-json\/wp\/v2\/pages"}],"about":[{"href":"http:\/\/idpc.org.br\/usp-idpc\/wp-json\/wp\/v2\/types\/page"}],"author":[{"embeddable":true,"href":"http:\/\/idpc.org.br\/usp-idpc\/wp-json\/wp\/v2\/users\/1"}],"replies":[{"embeddable":true,"href":"http:\/\/idpc.org.br\/usp-idpc\/wp-json\/wp\/v2\/comments?post=74"}],"version-history":[{"count":8,"href":"http:\/\/idpc.org.br\/usp-idpc\/wp-json\/wp\/v2\/pages\/74\/revisions"}],"predecessor-version":[{"id":1278,"href":"http:\/\/idpc.org.br\/usp-idpc\/wp-json\/wp\/v2\/pages\/74\/revisions\/1278"}],"wp:attachment":[{"href":"http:\/\/idpc.org.br\/usp-idpc\/wp-json\/wp\/v2\/media?parent=74"}],"curies":[{"name":"wp","href":"https:\/\/api.w.org\/{rel}","templated":true}]}}